{"id":4914,"date":"2021-03-02T06:45:11","date_gmt":"2021-03-02T06:45:11","guid":{"rendered":"https:\/\/toivonkyla.fi\/uudised\/"},"modified":"2024-03-02T14:26:47","modified_gmt":"2024-03-02T14:26:47","slug":"uudised","status":"publish","type":"page","link":"https:\/\/toivonkyla.fi\/en\/uudised\/","title":{"rendered":"News"},"content":{"rendered":"\n\n\n<style>\n\n    * {\n        text-decoration: none !important;\n    }\n<\/style>\n\n\n<div class=\"videosall\">\n\n\n    <div class=\"inn\">\n\n\t\t\n\t\t\t\t\t\n\t\t\t\t\t\t\n                            <div class=\"vid\">\n                                <div class=\"videoWrapper\">\n\t\t\t\t\t\t\t\t\t\n\t\t\t\t\t\t\t\t\t\t\n                                        <div id=\"player\"><\/div>\n\n                                        <script>\n                                            var tag = document.createElement('script');\n\n                                            tag.src = \"https:\/\/www.youtube.com\/iframe_api\";\n                                            var firstScriptTag = document.getElementsByTagName('script')[0];\n                                            firstScriptTag.parentNode.insertBefore(tag, firstScriptTag);\n\n                                            var player;\n\n                                            function onYouTubeIframeAPIReady() {\n                                                player = new YT.Player('player', {\n                                                    height: '390',\n                                                    width: '640',\n                                                    playerVars: {'autoplay': 1, 'controls': 1, 'mute': 1},\n                                                    videoId: 'eXTlcXLRqJo',\n                                                    events: {\n                                                        'onReady': onPlayerReady,\n                                                        \/\/'onStateChange': onPlayerStateChange\n                                                    }\n                                                });\n                                            }\n\n                                            function onPlayerReady(event) {\n                                                event.target.playVideo();\n                                            }\n                                        <\/script>\n\n\t\t\t\t\t\t\t\t\t                                <\/div>\n\n                                <h1 style=\"margin-top: 0; padding-top: 2rem;\">\n\n\t\t\t\t\t\t\t\t\tLootuse K\u00fcla tuleviku visioon Raiman Kukk<\/h1>\n                                <date class=\"date color-secondary m-b-gutx2 d-block\">   31. Oct 2025<\/date>\n\n                                <br>\n                                <br>\n                            <\/div>\n\t\t\t\t\t\t\n\t\t\t\t\t\t\t\t\t\t\t\t\t\t\n\t\t\t\t\t\n\n\t\t\t\t\t\t\n\n                        <a href=\"https:\/\/toivonkyla.fi\/en\/meie-tunnistused?pid=5807\"\n                           class=\"item no-decor\">\n\n\t\t\t\t\t\t\t\n                                <div class=\"imgC\"\n                                     style=\"background-image: url('https:\/\/toivonkyla.fi\/wp-content\/uploads\/2025\/10\/11.png');\">\n                                    <div class=\"play\"><\/div>\n\t\t\t\t\t\t\t\t\t                                        <div class=\"badge\">\n\t\t\t\t\t\t\t\t\t\t\tNews                                        <\/div>\n\t\t\t\t\t\t\t\t\t\t\t\t\t\t\t\t\t\t                                <\/div>\n                                <div class=\"desc\">\n\n\n                                    <h3 class=\"smaller\">Lootuse K\u00fcla tuleviku visioon M\u00e4rt V\u00e4hi<\/h3>\n                                    <date>\n\t\t\t\t\t\t\t\t\t\t31. Oct 2025                                    <\/date>\n                                <\/div>\n\t\t\t\t\t\t\t\t\t\t\t\t\t\t\t                        <\/a>\n\n\t\t\t\t\t\t\t\t\t\t\t\t\t\t\n\t\t\t\t\t\n\n\t\t\t\t\t\t\n\n                        <a href=\"https:\/\/toivonkyla.fi\/en\/meie-tunnistused?pid=3784\"\n                           class=\"item no-decor\">\n\n\t\t\t\t\t\t\t\n                                <div class=\"imgC\"\n                                     style=\"background-image: url('https:\/\/toivonkyla.fi\/wp-content\/uploads\/2021\/05\/IMG_5446.jpg');\">\n                                    <div class=\"play\"><\/div>\n\t\t\t\t\t\t\t\t\t                                        <div class=\"badge\">\n\t\t\t\t\t\t\t\t\t\t\tUutinen                                        <\/div>\n\t\t\t\t\t\t\t\t\t\t\t\t\t\t\t\t\t\t                                <\/div>\n                                <div class=\"desc\">\n\n\n                                    <h3 class=\"smaller\">VM NETI TV Uudised &#8211; Lootuse K\u00fcla saekaatri tegemised uuel aastal<\/h3>\n                                    <date>\n\t\t\t\t\t\t\t\t\t\t13. May 2021                                    <\/date>\n                                <\/div>\n\t\t\t\t\t\t\t\t\t\t\t\t\t\t\t                        <\/a>\n\n\t\t\t\t\t\t\t\t\t\t\t\t\t\t\n\t\t\t\t\t\n\n\t\t\t\t\t\t\n\n                        <a href=\"https:\/\/toivonkyla.fi\/en\/meie-tunnistused?pid=3021\"\n                           class=\"item no-decor\">\n\n\t\t\t\t\t\t\t\n                                <div class=\"imgC\"\n                                     style=\"background-image: url('https:\/\/toivonkyla.fi\/wp-content\/uploads\/2021\/03\/IMG_4586.jpg');\">\n                                    <div class=\"play\"><\/div>\n\t\t\t\t\t\t\t\t\t                                        <div class=\"badge\">\n\t\t\t\t\t\t\t\t\t\t\tNews                                        <\/div>\n\t\t\t\t\t\t\t\t\t\t\t\t\t\t\t\t\t\t                                <\/div>\n                                <div class=\"desc\">\n\n\n                                    <h3 class=\"smaller\">VM NETI TV Uudised &#8211; Lootuse K\u00fcla P\u00e4\u00e4steselts k\u00e4is liuv\u00e4lja tegemas Laitses<\/h3>\n                                    <date>\n\t\t\t\t\t\t\t\t\t\t3. Mar 2021                                    <\/date>\n                                <\/div>\n\t\t\t\t\t\t\t\t\t\t\t\t\t\t\t                        <\/a>\n\n\t\t\t\t\t\t\t\t\t\t\t\t\t\t\n\t\t\t\t\t\n\n\t\t\t\t\t\t\n\n                        <a href=\"https:\/\/toivonkyla.fi\/en\/meie-tunnistused?pid=3017\"\n                           class=\"item no-decor\">\n\n\t\t\t\t\t\t\t\n                                <div class=\"imgC\"\n                                     style=\"background-image: url('https:\/\/toivonkyla.fi\/wp-content\/uploads\/2021\/03\/IMG_4585.jpg');\">\n                                    <div class=\"play\"><\/div>\n\t\t\t\t\t\t\t\t\t                                        <div class=\"badge\">\n\t\t\t\t\t\t\t\t\t\t\tNews                                        <\/div>\n\t\t\t\t\t\t\t\t\t\t\t\t\t\t\t\t\t\t                                <\/div>\n                                <div class=\"desc\">\n\n\n                                    <h3 class=\"smaller\">VM NETI TV Uudised &#8211; Lootuse K\u00fcla toiduladu betooni valamine<\/h3>\n                                    <date>\n\t\t\t\t\t\t\t\t\t\t3. Mar 2021                                    <\/date>\n                                <\/div>\n\t\t\t\t\t\t\t\t\t\t\t\t\t\t\t                        <\/a>\n\n\t\t\t\t\t\t\t\t\t\t\t\t\t\t\n\t\t\t\t\t\n\n\t\t\t\t\t\t\n\n                        <a href=\"https:\/\/toivonkyla.fi\/en\/meie-tunnistused?pid=3013\"\n                           class=\"item no-decor\">\n\n\t\t\t\t\t\t\t\n                                <div class=\"imgC\"\n                                     style=\"background-image: url('https:\/\/toivonkyla.fi\/wp-content\/uploads\/2021\/03\/IMG_4584.jpg');\">\n                                    <div class=\"play\"><\/div>\n\t\t\t\t\t\t\t\t\t                                        <div class=\"badge\">\n\t\t\t\t\t\t\t\t\t\t\tNews                                        <\/div>\n\t\t\t\t\t\t\t\t\t\t\t\t\t\t\t\t\t\t                                <\/div>\n                                <div class=\"desc\">\n\n\n                                    <h3 class=\"smaller\">VM NETI TV Uudised &#8211; Lootuse K\u00fcla j\u00f5ulud &#8211; Kaunistuspidu 2020<\/h3>\n                                    <date>\n\t\t\t\t\t\t\t\t\t\t3. Mar 2021                                    <\/date>\n                                <\/div>\n\t\t\t\t\t\t\t\t\t\t\t\t\t\t\t                        <\/a>\n\n\t\t\t\t\t\t\t\t\t\t\t\t\t\t\n\t\t\t\t\t\n\n\t\t\t\t\t\t\n\n                        <a href=\"https:\/\/toivonkyla.fi\/en\/meie-tunnistused?pid=3009\"\n                           class=\"item no-decor\">\n\n\t\t\t\t\t\t\t\n                                <div class=\"imgC\"\n                                     style=\"background-image: url('https:\/\/toivonkyla.fi\/wp-content\/uploads\/2021\/03\/IMG_4583.jpg');\">\n                                    <div class=\"play\"><\/div>\n\t\t\t\t\t\t\t\t\t                                        <div class=\"badge\">\n\t\t\t\t\t\t\t\t\t\t\tNews                                        <\/div>\n\t\t\t\t\t\t\t\t\t\t\t\t\t\t\t\t\t\t                                <\/div>\n                                <div class=\"desc\">\n\n\n                                    <h3 class=\"smaller\">VM NETI TV Uudised &#8211; Lootuse K\u00fclas on uued t\u00e4navavalgustused<\/h3>\n                                    <date>\n\t\t\t\t\t\t\t\t\t\t3. Mar 2021                                    <\/date>\n                                <\/div>\n\t\t\t\t\t\t\t\t\t\t\t\t\t\t\t                        <\/a>\n\n\t\t\t\t\t\t\t\t\t\t\t\t\t\t\n\t\t\t\t\t\n\n\t\t\t\t\t\t\n\n                        <a href=\"https:\/\/toivonkyla.fi\/en\/meie-tunnistused?pid=3005\"\n                           class=\"item no-decor\">\n\n\t\t\t\t\t\t\t\n                                <div class=\"imgC\"\n                                     style=\"background-image: url('https:\/\/toivonkyla.fi\/wp-content\/uploads\/2021\/03\/IMG_4582.jpg');\">\n                                    <div class=\"play\"><\/div>\n\t\t\t\t\t\t\t\t\t                                        <div class=\"badge\">\n\t\t\t\t\t\t\t\t\t\t\tNews                                        <\/div>\n\t\t\t\t\t\t\t\t\t\t\t\t\t\t\t\t\t\t                                <\/div>\n                                <div class=\"desc\">\n\n\n                                    <h3 class=\"smaller\">VM NETI TV Uudised &#8211; &#8220;K\u00fctusepaak&#8221; Projekti on rahastatud kogukondliku turvalisuse toetusvooru toetusega<\/h3>\n                                    <date>\n\t\t\t\t\t\t\t\t\t\t3. Mar 2021                                    <\/date>\n                                <\/div>\n\t\t\t\t\t\t\t\t\t\t\t\t\t\t\t                        <\/a>\n\n\t\t\t\t\t\t\t\t\t\t\t\t\t\t\n\t\t\t\t\t\n\n\t\t\t\t\t\t\n\n                        <a href=\"https:\/\/toivonkyla.fi\/en\/meie-tunnistused?pid=3001\"\n                           class=\"item no-decor\">\n\n\t\t\t\t\t\t\t\n                                <div class=\"imgC\"\n                                     style=\"background-image: url('https:\/\/toivonkyla.fi\/wp-content\/uploads\/2021\/03\/IMG_4581.jpg');\">\n                                    <div class=\"play\"><\/div>\n\t\t\t\t\t\t\t\t\t                                        <div class=\"badge\">\n\t\t\t\t\t\t\t\t\t\t\tNews                                        <\/div>\n\t\t\t\t\t\t\t\t\t\t\t\t\t\t\t\t\t\t                                <\/div>\n                                <div class=\"desc\">\n\n\n                                    <h3 class=\"smaller\">VM NETI TV Uudised &#8211; J\u00fcri Heinla teeb Lootuse K\u00fclas k\u00e4sit\u00f6\u00f6d<\/h3>\n                                    <date>\n\t\t\t\t\t\t\t\t\t\t3. Mar 2021                                    <\/date>\n                                <\/div>\n\t\t\t\t\t\t\t\t\t\t\t\t\t\t\t                        <\/a>\n\n\t\t\t\t\t\t\t\t\t\t\t\t\t\t\n\t\t\t\t\t\n\n\t\t\t\t\t\t\n\n                        <a href=\"https:\/\/toivonkyla.fi\/en\/meie-tunnistused?pid=2997\"\n                           class=\"item no-decor\">\n\n\t\t\t\t\t\t\t\n                                <div class=\"imgC\"\n                                     style=\"background-image: url('https:\/\/toivonkyla.fi\/wp-content\/uploads\/2021\/03\/IMG_4580.jpg');\">\n                                    <div class=\"play\"><\/div>\n\t\t\t\t\t\t\t\t\t                                        <div class=\"badge\">\n\t\t\t\t\t\t\t\t\t\t\tNews                                        <\/div>\n\t\t\t\t\t\t\t\t\t\t\t\t\t\t\t\t\t\t                                <\/div>\n                                <div class=\"desc\">\n\n\n                                    <h3 class=\"smaller\">VM NETI TV Uudised \u2013 Lootuse K\u00fcla kaasrajaja piiskop M\u00e4rt V\u00e4hi ja tema abikaasa Alta kuldpulm<\/h3>\n                                    <date>\n\t\t\t\t\t\t\t\t\t\t3. Mar 2021                                    <\/date>\n                                <\/div>\n\t\t\t\t\t\t\t\t\t\t\t\t\t\t\t                        <\/a>\n\n\t\t\t\t\t\t\t\t\t\t\t\t\t\t\n\t\t\t\t\t\n\n\t\t\t\t\t\t\n\n                        <a href=\"https:\/\/toivonkyla.fi\/en\/meie-tunnistused?pid=2993\"\n                           class=\"item no-decor\">\n\n\t\t\t\t\t\t\t\n                                <div class=\"imgC\"\n                                     style=\"background-image: url('https:\/\/toivonkyla.fi\/wp-content\/uploads\/2021\/03\/IMG_4578.jpg');\">\n                                    <div class=\"play\"><\/div>\n\t\t\t\t\t\t\t\t\t                                        <div class=\"badge\">\n\t\t\t\t\t\t\t\t\t\t\tNews                                        <\/div>\n\t\t\t\t\t\t\t\t\t\t\t\t\t\t\t\t\t\t                                <\/div>\n                                <div class=\"desc\">\n\n\n                                    <h3 class=\"smaller\">VM NETI TV Uudised \u2013 Lootuse K\u00fcla P\u00e4\u00e4steseltsi tegemised aastal 2020<\/h3>\n                                    <date>\n\t\t\t\t\t\t\t\t\t\t3. Mar 2021                                    <\/date>\n                                <\/div>\n\t\t\t\t\t\t\t\t\t\t\t\t\t\t\t                        <\/a>\n\n\t\t\t\t\t\t\t\t\t\t\t\t\t\t\n\t\t\t\t\t\n\n\t\t\t\t\t\t\n\n                        <a href=\"https:\/\/toivonkyla.fi\/en\/meie-tunnistused?pid=2989\"\n                           class=\"item no-decor\">\n\n\t\t\t\t\t\t\t\n                                <div class=\"imgC\"\n                                     style=\"background-image: url('https:\/\/toivonkyla.fi\/wp-content\/uploads\/2021\/03\/IMG_10013DDB6D08-1.jpeg');\">\n                                    <div class=\"play\"><\/div>\n\t\t\t\t\t\t\t\t\t                                        <div class=\"badge\">\n\t\t\t\t\t\t\t\t\t\t\tNews                                        <\/div>\n\t\t\t\t\t\t\t\t\t\t\t\t\t\t\t\t\t\t                                <\/div>\n                                <div class=\"desc\">\n\n\n                                    <h3 class=\"smaller\">VM NETI TV Uudised \u2013 Filtrite tootmine Lootuse K\u00fclas<\/h3>\n                                    <date>\n\t\t\t\t\t\t\t\t\t\t3. Mar 2021                                    <\/date>\n                                <\/div>\n\t\t\t\t\t\t\t\t\t\t\t\t\t\t\t                        <\/a>\n\n\t\t\t\t\t\t\t\t\t\t\t\t\t\t\n\t\t\t\t\t\n\n\t\t\t\t\t\t\n\n                        <a href=\"https:\/\/toivonkyla.fi\/en\/meie-tunnistused?pid=2979\"\n                           class=\"item no-decor\">\n\n\t\t\t\t\t\t\t\n                                <div class=\"imgC\"\n                                     style=\"background-image: url('https:\/\/toivonkyla.fi\/wp-content\/uploads\/2021\/03\/IMG_4576.jpg');\">\n                                    <div class=\"play\"><\/div>\n\t\t\t\t\t\t\t\t\t                                        <div class=\"badge\">\n\t\t\t\t\t\t\t\t\t\t\tNews                                        <\/div>\n\t\t\t\t\t\t\t\t\t\t\t\t\t\t\t\t\t\t                                <\/div>\n                                <div class=\"desc\">\n\n\n                                    <h3 class=\"smaller\">VM NETI TV Uudised \u2013 Lootuse K\u00fclas ristimine 23 august 2020<\/h3>\n                                    <date>\n\t\t\t\t\t\t\t\t\t\t3. Mar 2021                                    <\/date>\n                                <\/div>\n\t\t\t\t\t\t\t\t\t\t\t\t\t\t\t                        <\/a>\n\n\t\t\t\t\t\t\t\t\t\t\t\t\t\t\n\t\t\t\t\t\n\n\t\t\t\t\t\t\n\n                        <a href=\"https:\/\/toivonkyla.fi\/en\/meie-tunnistused?pid=2924\"\n                           class=\"item no-decor\">\n\n\t\t\t\t\t\t\t\n                                <div class=\"imgC\"\n                                     style=\"background-image: url('https:\/\/toivonkyla.fi\/wp-content\/uploads\/2021\/03\/IMG_4557.jpg');\">\n                                    <div class=\"play\"><\/div>\n\t\t\t\t\t\t\t\t\t                                        <div class=\"badge\">\n\t\t\t\t\t\t\t\t\t\t\tUutinen                                        <\/div>\n\t\t\t\t\t\t\t\t\t\t\t\t\t\t\t\t\t\t                                <\/div>\n                                <div class=\"desc\">\n\n\n                                    <h3 class=\"smaller\">VM NETI TV Uudised &#8211; Lootuse K\u00fcla k\u00fclastas Eesti vanglate peakaplan Tanel Meiel ja EKNK piiskop Alur \u00d5unpuu<\/h3>\n                                    <date>\n\t\t\t\t\t\t\t\t\t\t2. Mar 2021                                    <\/date>\n                                <\/div>\n\t\t\t\t\t\t\t\t\t\t\t\t\t\t\t                        <\/a>\n\n\t\t\t\t\t\t\t\t\t\t\t\t\t\t\t\t\t    <\/div>\n    <div class=\"col-md-12\">\n        <div class=\"row\">\n\n\t                            <a href=\"https:\/\/toivonkyla.fi\/en\/all-videos\" class=\"btn\">\n\t\t\t\t        All videos\n                    <\/a>\n\t\t                <\/div>\n    <\/div>\n    <div class=\"nav-previous alignright\"><\/div>\n\n    <div class=\"nav-next alignleft\"><\/div>\n\n\n<\/div>\n\n\n\n\n\n<ul class=\"wp-block-list\">\n<li>In order to make the wood industry more efficient in 2022, thanks to PRIA Leader, a new single-shaft multi-blade saw TRIUMPH BUK-700 has been acquired. <\/li>\n<\/ul>\n","protected":false},"excerpt":{"rendered":"","protected":false},"author":1,"featured_media":0,"parent":0,"menu_order":0,"comment_status":"closed","ping_status":"closed","template":"","meta":{"_acf_changed":false,"inline_featured_image":false,"footnotes":""},"class_list":["post-4914","page","type-page","status-publish","hentry"],"acf":[],"_links":{"self":[{"href":"https:\/\/toivonkyla.fi\/en\/wp-json\/wp\/v2\/pages\/4914","targetHints":{"allow":["GET"]}}],"collection":[{"href":"https:\/\/toivonkyla.fi\/en\/wp-json\/wp\/v2\/pages"}],"about":[{"href":"https:\/\/toivonkyla.fi\/en\/wp-json\/wp\/v2\/types\/page"}],"author":[{"embeddable":true,"href":"https:\/\/toivonkyla.fi\/en\/wp-json\/wp\/v2\/users\/1"}],"replies":[{"embeddable":true,"href":"https:\/\/toivonkyla.fi\/en\/wp-json\/wp\/v2\/comments?post=4914"}],"version-history":[{"count":5,"href":"https:\/\/toivonkyla.fi\/en\/wp-json\/wp\/v2\/pages\/4914\/revisions"}],"predecessor-version":[{"id":4973,"href":"https:\/\/toivonkyla.fi\/en\/wp-json\/wp\/v2\/pages\/4914\/revisions\/4973"}],"wp:attachment":[{"href":"https:\/\/toivonkyla.fi\/en\/wp-json\/wp\/v2\/media?parent=4914"}],"curies":[{"name":"wp","href":"https:\/\/api.w.org\/{rel}","templated":true}]}}